{"id":19,"date":"2021-07-15T13:44:44","date_gmt":"2021-07-15T11:44:44","guid":{"rendered":"https:\/\/mechgaz.opti-net.pl\/?page_id=19"},"modified":"2021-07-26T09:10:53","modified_gmt":"2021-07-26T07:10:53","slug":"kalkulator-oplacalnosci","status":"publish","type":"page","link":"http:\/\/mechgaz.pl\/index.php\/kalkulator-oplacalnosci\/","title":{"rendered":"Kalkulator Op\u0142acalno\u015bci"},"content":{"rendered":"<div id=\"pl-19\"  class=\"panel-layout\" ><div id=\"pg-19-0\"  class=\"panel-grid panel-no-style\" ><div id=\"pgc-19-0-0\"  class=\"panel-grid-cell\" ><div id=\"panel-19-0-0-0\" class=\"widget_text so-panel widget widget_custom_html panel-first-child panel-last-child\" data-index=\"0\" ><div class=\"widget_text panel-widget-style panel-widget-style-for-19-0-0-0\" ><div class=\"textwidget custom-html-widget\">\t<script src=\"rollover.js\" type=\"text\/javascript\"><\/script>\n\n<script type=\"text\/javascript\" language=\"javascript\">\nfunction licz_amort() {\nvar przp = 1.15;\nvar s = \"\";\nvar kmb = \"#####\";\nvar cn_inst;\nvar cn_benz;\nvar cn_gazu;\nvar spalanie;\nvar kilometry;\nvar oszcz;\nvar amort;\nvar spalgazu;\n\n\toszcz     = document.getElementById(\"oszcz\");\n\tamort     = document.getElementById(\"amort\");\n\tspalgazu  = document.getElementById(\"spalgazu\");\n\tcn_inst   = document.getElementById(\"cn_inst\").value;\n\tcn_benz   = document.getElementById(\"cn_benz\").value;\n\tcn_gazu   = document.getElementById(\"cn_gazu\").value;\n\tspalanie  = document.getElementById(\"spalanie\").value;\n\tkilometry = document.getElementById(\"kilometry\").value;\n\t\n\tvar re = \/^\\d+[,\\.]*\\d*$\/;\n\tif (!re.test(cn_inst))  {oszcz.value = kmb;amort.value = kmb;spalgazu.value = kmb;kosztg.value = kmb;kosztb.value = kmb;kosztgm.value = kmb;kosztbm.value = kmb;oszczr.value = kmb;return;}\n\tif (!re.test(cn_benz))  {oszcz.value = kmb;amort.value = kmb;spalgazu.value = kmb;kosztg.value = kmb;kosztb.value = kmb;kosztgm.value = kmb;kosztbm.value = kmb;oszczr.value = kmb;return;}\n\tif (!re.test(cn_gazu))  {oszcz.value = kmb;amort.value = kmb;spalgazu.value = kmb;kosztg.value = kmb;kosztb.value = kmb;kosztgm.value = kmb;kosztbm.value = kmb;oszczr.value = kmb;return;}\n\tif (!re.test(spalanie)) {oszcz.value = kmb;amort.value = kmb;spalgazu.value = kmb;kosztg.value = kmb;kosztb.value = kmb;kosztgm.value = kmb;kosztbm.value = kmb;oszczr.value = kmb;return;}\n\tif (!re.test(kilometry)){oszcz.value = kmb;amort.value = kmb;spalgazu.value = kmb;kosztg.value = kmb;kosztb.value = kmb;kosztgm.value = kmb;kosztbm.value = kmb;oszczr.value = kmb;return;}\n\t\n\tre = \/,\/;\n\tcn_inst  = parseFloat(cn_inst.replace(re, \".\"));\n\tcn_benz  = parseFloat(cn_benz.replace(re, \".\"));\n\tcn_gazu  = parseFloat(cn_gazu.replace(re, \".\"));\n\tspalanie = parseFloat(spalanie.replace(re, \".\"));\n\tkilometry= parseFloat(kilometry.replace(re, \".\"));\n\t\n\tvar spal_gazu = spalanie*(przp);\n\tvar koszt_benz= (cn_benz * spalanie * kilometry)\/100;\n\tvar koszt_gazu= (cn_gazu * spal_gazu* kilometry)\/100;\n\n\tvar osc = koszt_benz - koszt_gazu;\n\tvar mnt = Math.ceil((cn_inst\/osc)*12);\n\tvar spg = przp*spalanie;\n\tvar kg = cn_gazu*spg;\n\tvar kb = cn_benz*spalanie;\n\tvar kgm = kg*kilometry\/100;\n\tvar kbm = kb*kilometry\/100;\n\t\n\tvar lat = Math.floor(mnt\/12);\n\tmnt = mnt - (lat*12);\n\t\n\tif (lat > 0) {\n\t\ts = lat ;\n\t}\n\t\n\toszcz.value = Math.round(osc);\n\tamort.value = s;\n\tspalgazu.value = spg;\n\tkosztg.value = Math.round(kg);\n\tkosztb.value = Math.round(kb);\n\tkosztgm.value = Math.round(kgm);\n\tkosztbm.value = Math.round(kbm);\n\toszczr.value = Math.round(osc*12);\n}\n\n<\/script>\n\t\n\n<body>\n<center>\n\t\t\t\t\t\t\t\t\t\t\n<b>Oszcz\u0119dno\u015bci z za\u0142o\u017cenia instalacji gazowej<\/b>\n<center><br>\n<p OnMouseOver=\"tao_pdm_zamk2();tao_pdm_zamk();\"><\/p>\n<\/center>\n<table style=\"text-align: right; width:330px;\" class=\"all\" border=\"0\" cellspacing=\"1\" cellpadding=\"3\" align=\"center\" bgcolor=\"transparent\" OnMouseOver=\"tao_pdm_zamk2();tao_pdm_zamk();\">\n<tr>\n<td style=\"background-color: ;vertical-align: middle;\">\nCena gazu :&nbsp;\n<\/td>\n<td><INPUT TYPE=\"Text\" id=\"cn_gazu\" VALUE=\"2,16\" MAXLENGTH=\"5\" SIZE=\"5\" onkeyup=\"licz_amort();\" OnChange=\"licz_amort();\"OnBlur=\"licz_amort();\" style=\"width:55px;\">&nbsp;&nbsp;&nbsp;&nbsp;&nbsp;z\u0142&nbsp;<\/td>\n<\/tr>\n<tr>\n<td style=\"background-color: ;vertical-align: middle;\">\nCena benzyny :&nbsp;\n<\/td>\n<td><INPUT TYPE=\"Text\" id=\"cn_benz\" VALUE=\"5,69\" MAXLENGTH=\"5\" SIZE=\"5\" onkeyup=\"licz_amort();\" OnChange=\"licz_amort();\" OnBlur=\"licz_amort();\" style=\"width:55px;\">&nbsp;&nbsp;&nbsp;&nbsp;&nbsp;z\u0142&nbsp;<\/td>\n<\/tr>\n<tr>\n<td style=\"background-color: ;vertical-align: middle;\">\nZu\u017cycie benzyny :&nbsp;\n<\/td>\n<td><INPUT TYPE=\"Text\" id=\"spalanie\" VALUE=\"0\" MAXLENGTH=\"5\" SIZE=\"5\" onkeyup=\"licz_amort();\" OnChange=\"licz_amort();\" OnBlur=\"licz_amort();\" style=\"width:55px;\">&nbsp;l\/100&nbsp; <\/td>\n<\/tr>\n<tr>\n<td class=\"all\" style=\"background-color:;vertical-align: middle;\">\nDystans miesi\u0119czny :&nbsp;\n<\/td>\n<td><INPUT TYPE=\"Text\" id=\"kilometry\" VALUE=\"0\" MAXLENGTH=\"6\" SIZE=\"5\" onkeyup=\"licz_amort();\" OnChange=\"licz_amort();\" OnBlur=\"licz_amort();\" style=\"width:55px;\">&nbsp;&nbsp;&nbsp;km&nbsp;<\/td>\n<\/tr>\n<tr>\n<td class=\"all\" style=\"background-color:;vertical-align: middle;\">\nCena monta\u017cu instalacji :&nbsp;\n<\/td>\n<td><INPUT TYPE=\"Text\" id=\"cn_inst\" VALUE=\"0\" MAXLENGTH=\"7\" SIZE=\"5\" OnKeyUp=\"licz_amort();\" OnChange=\"licz_amort();\" OnBlur=\"licz_amort();\" style=\"width:55px;\">&nbsp;&nbsp;&nbsp;&nbsp;&nbsp;z\u0142&nbsp;<\/td>\n<\/tr>\n<tr>\n<td style=\"background-color: width;font-weight: bold;vertical-align: middle;\">\n<br><br>\nZu\u017cycie gazu :&nbsp;\n<\/td>\n<td><br><br><input type=\"text\" id=\"spalgazu\" size=\"5\" disabled style=\"background-color: #fffcef;font-weight: bold;width:55px;\">&nbsp;km&nbsp;<\/td>\n<\/tr>\n<tr>\n<td style=\"background-color: width;font-weight: bold;vertical-align: middle;\">\nKoszt na gazie,100 km :&nbsp;\n<\/td>\n<td><input type=\"text\" id=\"kosztg\" size=\"5\" disabled style=\"background-color: #fffcef;font-weight: bold;width:55px;\">&nbsp;&nbsp;&nbsp;z\u0142&nbsp;<\/td>\n<\/tr>\n<tr>\n<td style=\"background-color: width;font-weight: bold;vertical-align: middle;\">\nKoszt na benzynie,100 km :&nbsp;\n<\/td>\n<td><input type=\"text\" id=\"kosztb\" size=\"5\" disabled style=\"background-color: #fffcef;font-weight: bold;width:55px;\">&nbsp;&nbsp;&nbsp;z\u0142&nbsp;<\/td>\n<\/tr>\n<tr>\n<td style=\"background-color: width;font-weight: bold;vertical-align: middle;\">\nKoszt na gazie, m. :&nbsp;\n<\/td>\n<td><input type=\"text\" id=\"kosztgm\" size=\"5\" disabled style=\"background-color: #fffcef;font-weight: bold;width:55px;\">&nbsp;&nbsp;&nbsp;z\u0142&nbsp;<\/td>\n<\/tr>\n<tr>\n<td style=\"background-color: width;font-weight: bold;vertical-align: middle;\">\nKoszt na benz. miesi\u0119czny :&nbsp;\n<\/td>\n<td><input type=\"text\" id=\"kosztbm\" size=\"5\" disabled style=\"background-color: #fffcef;font-weight: bold;width:55px;\">&nbsp;&nbsp;&nbsp;z\u0142&nbsp;<\/td>\n<\/tr>\n<tr>\n<td style=\"background-color: width;font-weight: bold;vertical-align: middle;\">\nOszcz\u0119dno\u015b\u0107 miesi\u0119czna :&nbsp;\n<\/td>\n<td><input type=\"text\" id=\"oszcz\" size=\"5\" disabled style=\"background-color: #fffcef;font-weight: bold;width:55px;\">&nbsp;&nbsp;&nbsp;z\u0142&nbsp;<\/td>\n<\/tr>\n<tr>\n<td style=\"background-color: width;font-weight: bold;vertical-align: middle;\">\nOszcz\u0119dno\u015b\u0107 roczna :&nbsp;\n<td><input type=\"text\" id=\"oszczr\" size=\"5\" disabled style=\"background-color: #fffcef;font-weight: bold;width:55px;\">&nbsp;&nbsp;&nbsp;z\u0142&nbsp;<\/td>\n<\/tr>\n<tr>\n<td style=\"background-color: width;font-weight: bold;vertical-align: middle;\">\nZwrot koszt\u00f3w instalacji :&nbsp;\n<\/td>\n<td><input type=\"text\" id=\"amort\" size=\"8\" disabled style=\"background-color: #fffcef;font: bold;width:55px;text-align:left;\">&nbsp;&nbsp;&nbsp;m&nbsp;<\/td>\n<\/tr>\n<\/table><\/div><\/div><\/div><\/div><\/div><\/div>","protected":false},"excerpt":{"rendered":"<p>Oszcz\u0119dno\u015bci z za\u0142o\u017cenia instalacji gazowej Cena gazu :&nbsp; &nbsp;&nbsp;&nbsp;&nbsp;&nbsp;z\u0142&nbsp; Cena benzyny :&nbsp; &nbsp;&nbsp;&nbsp;&nbsp;&nbsp;z\u0142&nbsp; Zu\u017cycie benzyny :&nbsp; &nbsp;l\/100&nbsp; Dystans miesi\u0119czny :&nbsp; &nbsp;&nbsp;&nbsp;km&nbsp; Cena monta\u017cu instalacji :&nbsp; &nbsp;&nbsp;&nbsp;&nbsp;&nbsp;z\u0142&nbsp; Zu\u017cycie gazu :&nbsp; &nbsp;km&nbsp; Koszt na gazie,100 km :&nbsp; &nbsp;&nbsp;&nbsp;z\u0142&nbsp; Koszt na benzynie,100 km :&nbsp; &nbsp;&nbsp;&nbsp;z\u0142&nbsp; Koszt na gazie, m. :&nbsp; &nbsp;&nbsp;&nbsp;z\u0142&nbsp; Koszt na benz. miesi\u0119czny :&nbsp; &nbsp;&nbsp;&nbsp;z\u0142&nbsp; Oszcz\u0119dno\u015b\u0107 [&hellip;]<\/p>\n<div class=\"pvc_clear\"><\/div>\n<p id=\"pvc_stats_19\" class=\"pvc_stats all  \" data-element-id=\"19\" style=\"\"><i class=\"pvc-stats-icon medium\" aria-hidden=\"true\"><svg aria-hidden=\"true\" focusable=\"false\" data-prefix=\"far\" data-icon=\"chart-bar\" role=\"img\" xmlns=\"http:\/\/www.w3.org\/2000\/svg\" viewBox=\"0 0 512 512\" class=\"svg-inline--fa fa-chart-bar fa-w-16 fa-2x\"><path fill=\"currentColor\" d=\"M396.8 352h22.4c6.4 0 12.8-6.4 12.8-12.8V108.8c0-6.4-6.4-12.8-12.8-12.8h-22.4c-6.4 0-12.8 6.4-12.8 12.8v230.4c0 6.4 6.4 12.8 12.8 12.8zm-192 0h22.4c6.4 0 12.8-6.4 12.8-12.8V140.8c0-6.4-6.4-12.8-12.8-12.8h-22.4c-6.4 0-12.8 6.4-12.8 12.8v198.4c0 6.4 6.4 12.8 12.8 12.8zm96 0h22.4c6.4 0 12.8-6.4 12.8-12.8V204.8c0-6.4-6.4-12.8-12.8-12.8h-22.4c-6.4 0-12.8 6.4-12.8 12.8v134.4c0 6.4 6.4 12.8 12.8 12.8zM496 400H48V80c0-8.84-7.16-16-16-16H16C7.16 64 0 71.16 0 80v336c0 17.67 14.33 32 32 32h464c8.84 0 16-7.16 16-16v-16c0-8.84-7.16-16-16-16zm-387.2-48h22.4c6.4 0 12.8-6.4 12.8-12.8v-70.4c0-6.4-6.4-12.8-12.8-12.8h-22.4c-6.4 0-12.8 6.4-12.8 12.8v70.4c0 6.4 6.4 12.8 12.8 12.8z\" class=\"\"><\/path><\/svg><\/i> <img loading=\"lazy\" decoding=\"async\" width=\"16\" height=\"16\" alt=\"Loading\" src=\"http:\/\/mechgaz.pl\/wp-content\/plugins\/page-views-count\/ajax-loader-2x.gif\" border=0 \/><\/p>\n<div class=\"pvc_clear\"><\/div>\n","protected":false},"author":1,"featured_media":0,"parent":0,"menu_order":0,"comment_status":"closed","ping_status":"closed","template":"","meta":{"footnotes":""},"class_list":["post-19","page","type-page","status-publish","hentry","post"],"_links":{"self":[{"href":"http:\/\/mechgaz.pl\/index.php\/wp-json\/wp\/v2\/pages\/19","targetHints":{"allow":["GET"]}}],"collection":[{"href":"http:\/\/mechgaz.pl\/index.php\/wp-json\/wp\/v2\/pages"}],"about":[{"href":"http:\/\/mechgaz.pl\/index.php\/wp-json\/wp\/v2\/types\/page"}],"author":[{"embeddable":true,"href":"http:\/\/mechgaz.pl\/index.php\/wp-json\/wp\/v2\/users\/1"}],"replies":[{"embeddable":true,"href":"http:\/\/mechgaz.pl\/index.php\/wp-json\/wp\/v2\/comments?post=19"}],"version-history":[{"count":53,"href":"http:\/\/mechgaz.pl\/index.php\/wp-json\/wp\/v2\/pages\/19\/revisions"}],"predecessor-version":[{"id":245,"href":"http:\/\/mechgaz.pl\/index.php\/wp-json\/wp\/v2\/pages\/19\/revisions\/245"}],"wp:attachment":[{"href":"http:\/\/mechgaz.pl\/index.php\/wp-json\/wp\/v2\/media?parent=19"}],"curies":[{"name":"wp","href":"https:\/\/api.w.org\/{rel}","templated":true}]}}